{"id":1328,"date":"2021-10-04T18:54:59","date_gmt":"2021-10-04T16:54:59","guid":{"rendered":"https:\/\/new.taurecon.com\/kontakt\/"},"modified":"2025-09-19T23:22:53","modified_gmt":"2025-09-19T21:22:53","slug":"kontakt","status":"publish","type":"page","link":"https:\/\/www.taurecon.com\/en\/kontakt\/","title":{"rendered":"Contact"},"content":{"rendered":"<p>[et_pb_section fb_built=&#8221;1&#8243; admin_label=&#8221;Header&#8221; _builder_version=&#8221;4.16&#8243; custom_padding=&#8221;54px|0px|0|0px|false|false&#8221; global_colors_info=&#8221;{}&#8221;][et_pb_row _builder_version=&#8221;4.16&#8243; _module_preset=&#8221;default&#8221; global_colors_info=&#8221;{}&#8221;][et_pb_column type=&#8221;4_4&#8243; _builder_version=&#8221;4.16&#8243; _module_preset=&#8221;default&#8221; global_colors_info=&#8221;{}&#8221;][et_pb_text _builder_version=&#8221;4.23&#8243; _module_preset=&#8221;default&#8221; header_2_font_size=&#8221;28px&#8221; global_colors_info=&#8221;{}&#8221;]<\/p>\n<h1 style=\"text-align: center;\">Taurecon GmbH<\/h1>\n<p>[\/et_pb_text][\/et_pb_column][\/et_pb_row][\/et_pb_section][et_pb_section fb_built=&#8221;1&#8243; admin_label=&#8221;Header&#8221; _builder_version=&#8221;4.16&#8243; custom_padding=&#8221;23px|0px|0|0px|false|false&#8221; global_colors_info=&#8221;{}&#8221;][et_pb_row column_structure=&#8221;1_2,1_2&#8243; _builder_version=&#8221;4.16&#8243; global_colors_info=&#8221;{}&#8221;][et_pb_column type=&#8221;1_2&#8243; _builder_version=&#8221;4.16&#8243; custom_padding=&#8221;|||&#8221; global_colors_info=&#8221;{}&#8221; custom_padding__hover=&#8221;|||&#8221;][et_pb_text _builder_version=&#8221;4.18.0&#8243; text_font=&#8221;||||||||&#8221; link_font=&#8221;||||on||||&#8221; link_text_color=&#8221;#22656E&#8221; header_font=&#8221;Ubuntu|700|||||||&#8221; header_font_size=&#8221;60px&#8221; header_line_height=&#8221;1.4em&#8221; header_2_line_height=&#8221;1.2em&#8221; header_3_font=&#8221;Ubuntu||||||||&#8221; header_3_text_color=&#8221;#bb7860&#8243; header_3_line_height=&#8221;1.8em&#8221; custom_margin=&#8221;|||&#8221; text_font_size_tablet=&#8221;&#8221; text_font_size_phone=&#8221;17px&#8221; text_font_size_last_edited=&#8221;on|desktop&#8221; header_font_size_tablet=&#8221;&#8221; header_font_size_phone=&#8221;32px&#8221; header_font_size_last_edited=&#8221;on|desktop&#8221; global_colors_info=&#8221;{}&#8221;]<\/p>\n<div class=\"vc_custom_heading_wrap \">\n<div class=\"heading-text el-text\">\n<p style=\"text-align: center;\"><strong>Company headquarters<\/strong><br \/>Kurf\u00fcrstendamm 207 &#8211; 208<br \/>10719 Berlin<br \/>Deutschland<\/p>\n<p style=\"text-align: center;\">Tel.: +49 (0)30 2000 914 0<br \/>Fax: +49 (0)30 6908 81 63<\/p>\n<p style=\"text-align: center;\">Email:\u00a0<a href=\"mailto:info@taurecon.com\">info@taurecon.com<br \/><\/a><\/p>\n<\/div>\n<\/div>\n<p>[\/et_pb_text][\/et_pb_column][et_pb_column type=&#8221;1_2&#8243; _builder_version=&#8221;4.16&#8243; custom_padding=&#8221;|||&#8221; global_colors_info=&#8221;{}&#8221; custom_padding__hover=&#8221;|||&#8221;][et_pb_text _builder_version=&#8221;4.18.0&#8243; _module_preset=&#8221;default&#8221; link_font=&#8221;||||on||||&#8221; link_text_color=&#8221;#22656E&#8221; global_colors_info=&#8221;{}&#8221;]<\/p>\n<p style=\"text-align: center;\"><strong>Cologne branch<\/strong><br \/>Betriebsst\u00e4tte Taurecon West<br \/>Sechtemer Stra\u00dfe 5<br \/>50968 K\u00f6ln<\/p>\n<p style=\"text-align: center;\">Tel.: +49 (0)30 2000 914 0<br \/>Fax: +49 (0)30 6908 81 63<\/p>\n<p style=\"text-align: center;\">Email:\u00a0<a href=\"mailto:info@taurecon.com\">info@taurecon.com<\/a><\/p>\n<p>[\/et_pb_text][\/et_pb_column][\/et_pb_row][et_pb_row _builder_version=&#8221;4.16&#8243; _module_preset=&#8221;default&#8221; global_colors_info=&#8221;{}&#8221;][et_pb_column type=&#8221;4_4&#8243; _builder_version=&#8221;4.16&#8243; _module_preset=&#8221;default&#8221; global_colors_info=&#8221;{}&#8221;][et_pb_text _builder_version=&#8221;4.18.0&#8243; _module_preset=&#8221;default&#8221; link_font=&#8221;||||on||||&#8221; link_text_color=&#8221;#22656E&#8221; global_colors_info=&#8221;{}&#8221;]<\/p>\n<p style=\"text-align: center;\"><a href=\"https:\/\/www.taurecon.com\/en\/imprint\/\">Imprint<\/a><br \/>Read our\u00a0<a href=\"https:\/\/www.taurecon.com\/en\/privacy-policy\/\">Privacy policy here<\/a>.<\/p>\n<p>[\/et_pb_text][\/et_pb_column][\/et_pb_row][\/et_pb_section][et_pb_section fb_built=&#8221;1&#8243; _builder_version=&#8221;4.18.0&#8243; _module_preset=&#8221;default&#8221; custom_padding=&#8221;0px||5px|||&#8221; global_colors_info=&#8221;{}&#8221;][et_pb_row _builder_version=&#8221;4.18.0&#8243; _module_preset=&#8221;default&#8221; custom_padding=&#8221;3px|||||&#8221; global_colors_info=&#8221;{}&#8221;][et_pb_column type=&#8221;4_4&#8243; _builder_version=&#8221;4.18.0&#8243; _module_preset=&#8221;default&#8221; global_colors_info=&#8221;{}&#8221;][et_pb_social_media_follow _builder_version=&#8221;4.18.0&#8243; text_orientation=&#8221;center&#8221; custom_margin_tablet=&#8221;-70px|||&#8221; animation_direction=&#8221;left&#8221; border_radii=&#8221;on|0px|0px|0px|0px&#8221; global_colors_info=&#8221;{}&#8221;][et_pb_social_media_follow_network social_network=&#8221;linkedin&#8221; url=&#8221;https:\/\/www.linkedin.com\/company\/taurecon\/&#8221; _builder_version=&#8221;4.16&#8243; background_color=&#8221;rgba(187,173,161,0.8)&#8221; custom_margin=&#8221;|0px||0px||true&#8221; custom_padding=&#8221;10px|10px|10px|10px|true|true&#8221; global_colors_info=&#8221;{}&#8221; follow_button=&#8221;off&#8221; url_new_window=&#8221;on&#8221;]linkedin[\/et_pb_social_media_follow_network][\/et_pb_social_media_follow][\/et_pb_column][\/et_pb_row][\/et_pb_section][et_pb_section fb_built=&#8221;1&#8243; _builder_version=&#8221;4.16&#8243; _module_preset=&#8221;default&#8221; custom_padding=&#8221;35px|||||&#8221; global_colors_info=&#8221;{}&#8221;][et_pb_row column_structure=&#8221;1_3,1_3,1_3&#8243; _builder_version=&#8221;4.16&#8243; _module_preset=&#8221;default&#8221; global_colors_info=&#8221;{}&#8221;][et_pb_column type=&#8221;1_3&#8243; _builder_version=&#8221;4.16&#8243; _module_preset=&#8221;default&#8221; global_colors_info=&#8221;{}&#8221;][et_pb_text _builder_version=&#8221;4.27.2&#8243; _module_preset=&#8221;default&#8221; text_text_color=&#8221;#000000&#8243; link_font=&#8221;||||on|||#000000|&#8221; link_text_color=&#8221;#000000&#8243; header_2_text_color=&#8221;#000000&#8243; background_color=&#8221;rgba(140,176,181,0.82)&#8221; min_height=&#8221;185px&#8221; custom_margin=&#8221;0px||||false|false&#8221; custom_padding=&#8221;30px|30px|30px|30px|false|false&#8221; animation_style=&#8221;slide&#8221; global_colors_info=&#8221;{}&#8221;]<\/p>\n<h2>Contact Press<\/h2>\n<p><a href=\"mailto:info@taurecon.com\">info@taurecon.com<\/a><\/p>\n<p>[\/et_pb_text][\/et_pb_column][et_pb_column type=&#8221;1_3&#8243; _builder_version=&#8221;4.16&#8243; _module_preset=&#8221;default&#8221; global_colors_info=&#8221;{}&#8221;][et_pb_text _builder_version=&#8221;4.18.0&#8243; _module_preset=&#8221;default&#8221; text_text_color=&#8221;#000000&#8243; link_font=&#8221;||||on||||&#8221; link_text_color=&#8221;#000000&#8243; link_font_size=&#8221;15px&#8221; header_3_text_color=&#8221;#000000&#8243; background_color=&#8221;#C5DFD9&#8243; min_height=&#8221;185px&#8221; custom_margin=&#8221;0px||||false|false&#8221; custom_padding=&#8221;30px|30px|30px|30px|false|false&#8221; animation_style=&#8221;slide&#8221; animation_delay=&#8221;450ms&#8221; global_colors_info=&#8221;{}&#8221;]<\/p>\n<h2>Press agency<\/h2>\n<p>ST\u00d6BE. Die Agentur f\u00fcr Kommunikation GmbH<br \/><a href=\"mailto:presse@stoebekommunikation.com\">presse@stoebekommunikation.com<\/a><\/p>\n<p>[\/et_pb_text][\/et_pb_column][et_pb_column type=&#8221;1_3&#8243; _builder_version=&#8221;4.16&#8243; _module_preset=&#8221;default&#8221; global_colors_info=&#8221;{}&#8221;][et_pb_text _builder_version=&#8221;4.23&#8243; _module_preset=&#8221;default&#8221; text_text_color=&#8221;#000000&#8243; link_font=&#8221;||||on|||#000000|&#8221; link_text_color=&#8221;#000000&#8243; link_font_size=&#8221;15px&#8221; header_2_text_color=&#8221;#000000&#8243; background_color=&#8221;#D6D6D6&#8243; min_height=&#8221;185px&#8221; custom_margin=&#8221;0px||||false|false&#8221; custom_padding=&#8221;30px|30px|30px|30px|false|false&#8221; animation_style=&#8221;slide&#8221; animation_delay=&#8221;950ms&#8221; global_colors_info=&#8221;{}&#8221;]<\/p>\n<h2>Contact applicants<\/h2>\n<p>Human Resources<\/p>\n<p><a href=\"mailto:bewerbung@taurecon.com\">bewerbung@taurecon.com<\/a><\/p>\n<p>[\/et_pb_text][\/et_pb_column][\/et_pb_row][\/et_pb_section][et_pb_section fb_built=&#8221;1&#8243; specialty=&#8221;on&#8221; disabled_on=&#8221;on|on|on&#8221; _builder_version=&#8221;4.16&#8243; _module_preset=&#8221;default&#8221; custom_padding=&#8221;||51px|||&#8221; disabled=&#8221;on&#8221; global_colors_info=&#8221;{}&#8221;][et_pb_column type=&#8221;1_2&#8243; specialty_columns=&#8221;2&#8243; _builder_version=&#8221;4.16&#8243; custom_padding=&#8221;|||&#8221; global_colors_info=&#8221;{}&#8221; custom_padding__hover=&#8221;|||&#8221;][et_pb_row_inner _builder_version=&#8221;4.16&#8243; background_color=&#8221;gcid-dab3e702-2e89-43a4-be53-2c340a88f245&#8243; width=&#8221;85%&#8221; custom_margin=&#8221;35px||43px|50px|false|&#8221; custom_margin_tablet=&#8221;|||30px|false|false&#8221; custom_margin_phone=&#8221;|||40px|false|false&#8221; custom_margin_last_edited=&#8221;on|desktop&#8221; custom_padding=&#8221;80px|12%|80px|12%|true|true&#8221; animation_style=&#8221;slide&#8221; animation_direction=&#8221;left&#8221; animation_intensity_slide=&#8221;5%&#8221; box_shadow_style=&#8221;preset4&#8243; box_shadow_horizontal=&#8221;-30px&#8221; box_shadow_vertical=&#8221;30px&#8221; box_shadow_color=&#8221;rgba(57,62,86,0.4)&#8221; global_colors_info=&#8221;{%22gcid-dab3e702-2e89-43a4-be53-2c340a88f245%22:%91%22background_color%22%93}&#8221;][et_pb_column_inner saved_specialty_column_type=&#8221;1_2&#8243; _builder_version=&#8221;4.16&#8243; custom_padding=&#8221;|||&#8221; global_colors_info=&#8221;{}&#8221; custom_padding__hover=&#8221;|||&#8221;][et_pb_divider color=&#8221;#000000&#8243; divider_weight=&#8221;3px&#8221; _builder_version=&#8221;4.16&#8243; max_width=&#8221;60px&#8221; height=&#8221;3px&#8221; custom_margin=&#8221;||10px|&#8221; locked=&#8221;off&#8221; global_colors_info=&#8221;{}&#8221;][\/et_pb_divider][et_pb_text _builder_version=&#8221;4.18.0&#8243; text_font=&#8221;||||||||&#8221; text_line_height=&#8221;2em&#8221; header_font=&#8221;||||||||&#8221; header_text_color=&#8221;#000000&#8243; header_2_font=&#8221;Ubuntu|700|||||||&#8221; header_2_text_color=&#8221;#000000&#8243; header_2_font_size=&#8221;42px&#8221; header_2_line_height=&#8221;1.4em&#8221; background_layout=&#8221;dark&#8221; custom_margin=&#8221;9.7%|||||&#8221; header_2_font_size_tablet=&#8221;36px&#8221; header_2_font_size_phone=&#8221;&#8221; header_2_font_size_last_edited=&#8221;on|tablet&#8221; locked=&#8221;off&#8221; global_colors_info=&#8221;{}&#8221;]<\/p>\n<h1 class=\"vc_custom_heading\">Your route to us.<\/h1>\n<p>&nbsp;<\/p>\n<p>[\/et_pb_text][\/et_pb_column_inner][\/et_pb_row_inner][\/et_pb_column][et_pb_column type=&#8221;1_2&#8243; _builder_version=&#8221;4.16&#8243; custom_padding=&#8221;|||&#8221; global_colors_info=&#8221;{}&#8221; custom_padding__hover=&#8221;|||&#8221;][et_pb_image src=&#8221;https:\/\/www.taurecon.com\/cms\/wp-content\/uploads\/2022\/10\/Bildschirmfoto-2022-10-03-um-12.59.11.png&#8221; alt=&#8221;Journey to Taurecon&#8221; title_text=&#8221;Bildschirmfoto 2022-10-03 um 12.59.11&#8243; url=&#8221;https:\/\/www.taurecon.com\/cms\/wp-content\/uploads\/2022\/10\/Anfahrtsplan_Taurecon_Bu\u0308ro.pdf&#8221; url_new_window=&#8221;on&#8221; _builder_version=&#8221;4.18.0&#8243; _module_preset=&#8221;default&#8221; global_colors_info=&#8221;{}&#8221;][\/et_pb_image][et_pb_button button_url=&#8221;https:\/\/www.taurecon.com\/cms\/wp-content\/uploads\/2022\/03\/220131_Taurecon_Anfahrtsplan_Heidestr_DE_EN.pdf&#8221; url_new_window=&#8221;on&#8221; button_text=&#8221;Download directions&#8221; button_alignment=&#8221;center&#8221; _builder_version=&#8221;4.16&#8243; button_letter_spacing=&#8221;2px&#8221; animation_style=&#8221;fade&#8221; animation_direction=&#8221;left&#8221; global_colors_info=&#8221;{}&#8221; button_one_text_size__hover_enabled=&#8221;off&#8221; button_two_text_size__hover_enabled=&#8221;off&#8221; button_one_text_color__hover_enabled=&#8221;off&#8221; button_two_text_color__hover_enabled=&#8221;off&#8221; button_one_border_width__hover_enabled=&#8221;off&#8221; button_two_border_width__hover_enabled=&#8221;off&#8221; button_one_border_color__hover_enabled=&#8221;off&#8221; button_two_border_color__hover_enabled=&#8221;off&#8221; button_one_border_radius__hover_enabled=&#8221;off&#8221; button_two_border_radius__hover_enabled=&#8221;off&#8221; button_one_letter_spacing__hover_enabled=&#8221;off&#8221; button_two_letter_spacing__hover_enabled=&#8221;off&#8221; button_one_bg_color__hover_enabled=&#8221;off&#8221; button_two_bg_color__hover_enabled=&#8221;off&#8221;][\/et_pb_button][\/et_pb_column][\/et_pb_section][et_pb_section fb_built=&#8221;1&#8243; prev_background_color=&#8221;#ffffff&#8221; admin_label=&#8221;Footer&#8221; _builder_version=&#8221;4.16&#8243; use_background_color_gradient=&#8221;on&#8221; background_color_gradient_stops=&#8221;gcid-dab3e702-2e89-43a4-be53-2c340a88f245 0%|gcid-dab3e702-2e89-43a4-be53-2c340a88f245 100%&#8221; background_color_gradient_overlays_image=&#8221;on&#8221; background_color_gradient_start=&#8221;gcid-dab3e702-2e89-43a4-be53-2c340a88f245&#8243; background_color_gradient_end=&#8221;gcid-dab3e702-2e89-43a4-be53-2c340a88f245&#8243; background_enable_image=&#8221;off&#8221; custom_padding=&#8221;8%|||||&#8221; top_divider_style=&#8221;wave2&#8243; top_divider_height=&#8221;14vw&#8221; top_divider_repeat=&#8221;0.5x&#8221; top_divider_flip=&#8221;horizontal&#8221; animation_style=&#8221;slide&#8221; animation_direction=&#8221;bottom&#8221; animation_intensity_slide=&#8221;2%&#8221; global_colors_info=&#8221;{%22gcid-dab3e702-2e89-43a4-be53-2c340a88f245%22:%91%22colorEnd%22,%22colorStart%22%93}&#8221;][\/et_pb_section]<\/p>\n","protected":false},"excerpt":{"rendered":"<p>Taurecon GmbH Company headquartersKurf\u00fcrstendamm 207 &#8211; 20810719 BerlinDeutschland Tel.: +49 (0)30 2000 914 0Fax: +49 (0)30 6908 81 63 Email:\u00a0info@taurecon.com Cologne branchBetriebsst\u00e4tte Taurecon WestSechtemer Stra\u00dfe 550968 K\u00f6ln Tel.: +49 (0)30 2000 914 0Fax: +49 (0)30 6908 81 63 Email:\u00a0info@taurecon.comImprintRead our\u00a0Privacy policy here.Contact Press info@taurecon.comPress agency ST\u00d6BE. Die Agentur f\u00fcr Kommunikation GmbHpresse@stoebekommunikation.comContact applicants Human Resources bewerbung@taurecon.comYour [&hellip;]<\/p>\n","protected":false},"author":1,"featured_media":0,"parent":0,"menu_order":0,"comment_status":"closed","ping_status":"closed","template":"","meta":{"_et_pb_use_builder":"on","_et_pb_old_content":"","_et_gb_content_width":"","footnotes":""},"class_list":["post-1328","page","type-page","status-publish","hentry"],"_links":{"self":[{"href":"https:\/\/www.taurecon.com\/en\/wp-json\/wp\/v2\/pages\/1328","targetHints":{"allow":["GET"]}}],"collection":[{"href":"https:\/\/www.taurecon.com\/en\/wp-json\/wp\/v2\/pages"}],"about":[{"href":"https:\/\/www.taurecon.com\/en\/wp-json\/wp\/v2\/types\/page"}],"author":[{"embeddable":true,"href":"https:\/\/www.taurecon.com\/en\/wp-json\/wp\/v2\/users\/1"}],"replies":[{"embeddable":true,"href":"https:\/\/www.taurecon.com\/en\/wp-json\/wp\/v2\/comments?post=1328"}],"version-history":[{"count":36,"href":"https:\/\/www.taurecon.com\/en\/wp-json\/wp\/v2\/pages\/1328\/revisions"}],"predecessor-version":[{"id":2541,"href":"https:\/\/www.taurecon.com\/en\/wp-json\/wp\/v2\/pages\/1328\/revisions\/2541"}],"wp:attachment":[{"href":"https:\/\/www.taurecon.com\/en\/wp-json\/wp\/v2\/media?parent=1328"}],"curies":[{"name":"wp","href":"https:\/\/api.w.org\/{rel}","templated":true}]}}